{"id":169,"date":"2023-07-05T14:39:36","date_gmt":"2023-07-05T12:39:36","guid":{"rendered":"https:\/\/mutualbankeu.com\/?page_id=169"},"modified":"2025-01-17T03:23:57","modified_gmt":"2025-01-17T02:23:57","slug":"conditions-dutilisations","status":"publish","type":"page","link":"https:\/\/mutualbankeu.com\/index.php\/conditions-dutilisations\/","title":{"rendered":"Termini di Utilizzo"},"content":{"rendered":"\n<p>Termini di utilizzo<\/p>\n\n\n\n<p>Si prega di leggere attentamente i presenti termini di utilizzo (\u00ab\u00a0i Termini\u00a0\u00bb) prima di utilizzare il nostro sito Web o i nostri servizi. Accedendo al nostro sito Web o utilizzando i nostri servizi, accetti di essere vincolato da questi Termini. Se non accetti i presenti Termini, ti preghiamo di non utilizzare il nostro sito Web o i nostri servizi.<\/p>\n\n\n\n<p>Utilizzo dei contenuti<\/p>\n\n\n\n<p>Tutti i contenuti del nostro sito Web, inclusi testi, immagini, video, loghi, marchi, ecc., sono di propriet\u00e0 esclusiva di The Mutual Bank e sono protetti dalle leggi sul copyright e da altre leggi applicabili. Non \u00e8 possibile copiare, modificare, distribuire, visualizzare pubblicamente, riprodurre o sfruttare in alcun modo il Contenuto senza la nostra previa autorizzazione scritta.<\/p>\n\n\n\n<p>Responsabilit\u00e0 dell&rsquo;utente<\/p>\n\n\n\n<p>Utilizzando il nostro sito Web e i nostri servizi, accetti di assumerti la piena responsabilit\u00e0 delle tue azioni. Accetti di utilizzare il nostro sito Web e i nostri servizi in conformit\u00e0 con le leggi e i regolamenti applicabili. Non \u00e8 necessario utilizzare il nostro sito Web o i nostri servizi in alcun modo che possa causare danni ad altri, violare il copyright, violare la privacy o i diritti di propriet\u00e0 intellettuale o violare qualsiasi altra legge applicabile.<\/p>\n\n\n\n<p>Limitazione di responsabilit\u00e0<\/p>\n\n\n\n<p>Ci impegniamo a fornire informazioni accurate e aggiornate sul nostro sito Web, ma non possiamo garantire l&rsquo;accuratezza, la completezza o l&rsquo;idoneit\u00e0 del contenuto. Non siamo responsabili per eventuali danni diretti, indiretti, speciali, consequenziali o punitivi derivanti dall&rsquo;uso del nostro sito Web o dei nostri servizi.<\/p>\n\n\n\n<p>Collegamenti a siti di terzi<\/p>\n\n\n\n<p>Il nostro sito web pu\u00f2 contenere collegamenti a siti di terzi. Questi collegamenti sono forniti solo per comodit\u00e0 dell&rsquo;utente e non abbiamo alcun controllo sul contenuto di questi siti. Non siamo responsabili per il contenuto, le pratiche sulla privacy o i termini e le condizioni di siti di terze parti. L&rsquo;utilizzo di questi siti \u00e8 a tuo rischio e pericolo.<\/p>\n\n\n\n<p>Modifica delle condizioni di utilizzo<\/p>\n\n\n\n<p>Ci riserviamo il diritto di modificare le presenti Condizioni in qualsiasi momento. Le modifiche verranno pubblicate in questa pagina con l&rsquo;indicazione della data dell&rsquo;ultimo aggiornamento. Continuando a utilizzare il nostro sito Web o i nostri servizi dopo la pubblicazione delle modifiche, accetti i Termini modificati.<\/p>\n\n\n\n<p>Contattaci<\/p>\n\n\n\n<p>In caso di domande relative ai nostri termini di utilizzo, ti preghiamo di contattarci al seguente indirizzo: contact@groupescservice.com<\/p>\n\n\n\n<p>Ti ringraziamo per la comprensione e il rispetto dei nostri termini di utilizzo.<\/p>\n","protected":false},"excerpt":{"rendered":"<p>Termini di utilizzo Si prega di leggere attentamente i presenti termini di utilizzo (\u00ab\u00a0i Termini\u00a0\u00bb) prima di utilizzare il nostro sito Web o i nostri servizi. Accedendo al nostro sito Web o utilizzando i nostri servizi, accetti di essere vincolato da questi Termini. Se non accetti i presenti Termini, ti preghiamo di non utilizzare il&hellip;&nbsp;<a href=\"https:\/\/mutualbankeu.com\/index.php\/conditions-dutilisations\/\" rel=\"bookmark\">Lire la suite &raquo;<span class=\"screen-reader-text\">Termini di Utilizzo<\/span><\/a><\/p>\n","protected":false},"author":1,"featured_media":0,"parent":0,"menu_order":0,"comment_status":"closed","ping_status":"closed","template":"","meta":{"neve_meta_sidebar":"","neve_meta_container":"","neve_meta_enable_content_width":"","neve_meta_content_width":0,"neve_meta_title_alignment":"","neve_meta_author_avatar":"","neve_post_elements_order":"","neve_meta_disable_header":"","neve_meta_disable_footer":"","neve_meta_disable_title":"","footnotes":""},"class_list":["post-169","page","type-page","status-publish","hentry"],"_links":{"self":[{"href":"https:\/\/mutualbankeu.com\/index.php\/wp-json\/wp\/v2\/pages\/169","targetHints":{"allow":["GET"]}}],"collection":[{"href":"https:\/\/mutualbankeu.com\/index.php\/wp-json\/wp\/v2\/pages"}],"about":[{"href":"https:\/\/mutualbankeu.com\/index.php\/wp-json\/wp\/v2\/types\/page"}],"author":[{"embeddable":true,"href":"https:\/\/mutualbankeu.com\/index.php\/wp-json\/wp\/v2\/users\/1"}],"replies":[{"embeddable":true,"href":"https:\/\/mutualbankeu.com\/index.php\/wp-json\/wp\/v2\/comments?post=169"}],"version-history":[{"count":6,"href":"https:\/\/mutualbankeu.com\/index.php\/wp-json\/wp\/v2\/pages\/169\/revisions"}],"predecessor-version":[{"id":520,"href":"https:\/\/mutualbankeu.com\/index.php\/wp-json\/wp\/v2\/pages\/169\/revisions\/520"}],"wp:attachment":[{"href":"https:\/\/mutualbankeu.com\/index.php\/wp-json\/wp\/v2\/media?parent=169"}],"curies":[{"name":"wp","href":"https:\/\/api.w.org\/{rel}","templated":true}]}}